{"id":2210,"date":"2021-03-18T14:45:15","date_gmt":"2021-03-18T14:45:15","guid":{"rendered":"https:\/\/exacta.ca\/covid-19\/"},"modified":"2021-03-18T14:46:22","modified_gmt":"2021-03-18T14:46:22","slug":"covid-19","status":"publish","type":"page","link":"https:\/\/exacta.ca\/fr\/covid-19\/","title":{"rendered":"COVID-19"},"content":{"rendered":"<section class=\"wpb-content-wrapper\"><p>[vc_row][vc_column]<div id=\"cz_65964\" class=\"cz_65964 cz_title clr cz_title_pos_inline\"><div class=\"cz_title_content\"><div class=\"cz_wpe_content\"><h3 style=\"text-align: left; color: #244ea1;\"><span style=\"font-size: 38px;\"><strong>Mise \u00e0 jour <span style=\"color: #000d60;\">COVID-19<\/span><\/strong><\/span><\/h3>\n<p style=\"text-align: left;\"><span style=\"color: #999999;\">\u00c0 l\u2019attention de nos client.e.s, partenaires et ami.e.s.<\/span><\/p>\n<\/div><\/div><\/div><div class=\"cz_gap clr \" style=\"height: 50px\"><\/div>[\/vc_column][\/vc_row][vc_row][vc_column][vc_column_text]<\/p>\n<p>Malgr\u00e9 la propagation de la pand\u00e9mie de COVID dans notre pays et dans le monde entier, nous tenons \u00e0 vous informer qu\u2019Exacta continue d\u2019\u00eatre pleinement op\u00e9rationnel en fournissant des services, tout en observant les mesures de s\u00e9curit\u00e9 et de protection \u00e9dict\u00e9es par nos gouvernements.<\/p>\n<p>Notre plan de r\u00e9ponse \u00e0 la pand\u00e9mie nous a permis d\u2019assurer le maintien des services et du soutien pour r\u00e9pondre aux besoins op\u00e9rationnels de nos client.e.s. Pour de plus amples renseignements, veuillez communiquer avec nous par courriel \u00e0 l\u2019adresse info@exacta.ca ou par t\u00e9l\u00e9phone au num\u00e9ro 416-222-4622.<\/p>\n<p>Nous avons mis \u00e0 jour nos protocoles (par exemple, le masquage universel, les questionnaires sur la COVID-19 et les outils d\u2019auto-d\u00e9pistage sont utilis\u00e9s pour chaque mission) pour nous assurer que nous fournissons des services tout en prot\u00e9geant toutes les personnes concern\u00e9es et les collectivit\u00e9s que nous servons.<\/p>\n<p>Nos bureaux sont ouverts du lundi au vendredi, de 7 h \u00e0 18 h, heure de l\u2019Est, et les membres de l\u2019\u00e9quipe travaillent sur place (tout en respectant la distanciation sociale) et \u00e0 distance; tous nos membres contribuent en cons\u00e9quence.<\/p>\n<p>Pour les appels d\u2019urgence apr\u00e8s les heures normales de travail, composez le 1-866-639-2282.<\/p>\n<p>Nous vous remercions d\u2019avance de votre compr\u00e9hension et de votre soutien alors que nous mettons en \u0153uvre des mesures pr\u00e9ventives pour assurer la s\u00e9curit\u00e9 et la sant\u00e9 de tou.te.s pendant cette p\u00e9riode de prudence.<\/p>\n<p>Restez en s\u00e9curit\u00e9!<\/p>\n<p>[\/vc_column_text][\/vc_column][\/vc_row]<\/p>\n<\/section>","protected":false},"excerpt":{"rendered":"<p>[vc_row][vc_column][\/vc_column][\/vc_row][vc_row][vc_column][vc_column_text] Malgr\u00e9 la propagation de la pand\u00e9mie de COVID dans notre &#8230; <\/p>\n","protected":false},"author":1,"featured_media":0,"parent":0,"menu_order":0,"comment_status":"closed","ping_status":"closed","template":"","meta":[],"_links":{"self":[{"href":"https:\/\/exacta.ca\/fr\/wp-json\/wp\/v2\/pages\/2210"}],"collection":[{"href":"https:\/\/exacta.ca\/fr\/wp-json\/wp\/v2\/pages"}],"about":[{"href":"https:\/\/exacta.ca\/fr\/wp-json\/wp\/v2\/types\/page"}],"author":[{"embeddable":true,"href":"https:\/\/exacta.ca\/fr\/wp-json\/wp\/v2\/users\/1"}],"replies":[{"embeddable":true,"href":"https:\/\/exacta.ca\/fr\/wp-json\/wp\/v2\/comments?post=2210"}],"version-history":[{"count":3,"href":"https:\/\/exacta.ca\/fr\/wp-json\/wp\/v2\/pages\/2210\/revisions"}],"predecessor-version":[{"id":2213,"href":"https:\/\/exacta.ca\/fr\/wp-json\/wp\/v2\/pages\/2210\/revisions\/2213"}],"wp:attachment":[{"href":"https:\/\/exacta.ca\/fr\/wp-json\/wp\/v2\/media?parent=2210"}],"curies":[{"name":"wp","href":"https:\/\/api.w.org\/{rel}","templated":true}]}}