{"id":2214,"date":"2021-03-18T14:50:59","date_gmt":"2021-03-18T14:50:59","guid":{"rendered":"https:\/\/exacta.ca\/covid-19\/"},"modified":"2021-03-18T17:18:06","modified_gmt":"2021-03-18T17:18:06","slug":"covid-19","status":"publish","type":"page","link":"https:\/\/exacta.ca\/es\/covid-19\/","title":{"rendered":"COVID-19"},"content":{"rendered":"<section class=\"wpb-content-wrapper\"><p>[vc_row][vc_column]<div id=\"cz_65964\" class=\"cz_65964 cz_title clr cz_title_pos_inline\"><div class=\"cz_title_content\"><div class=\"cz_wpe_content\"><h3 style=\"text-align: left; color: #244ea1;\"><span style=\"font-size: 38px;\"><strong>Actualizaci\u00f3n sobre el <span style=\"color: #000d60;\">COVID<\/span><\/strong><\/span><\/h3>\n<p style=\"text-align: left;\"><span style=\"color: #999999;\">A nuestros clientes, asociados y amigos<\/span><\/p>\n<\/div><\/div><\/div><div class=\"cz_gap clr \" style=\"height: 50px\"><\/div>[\/vc_column][\/vc_row][vc_row][vc_column][vc_column_text]A medida que la pandemia de COVID se propaga por toda la naci\u00f3n, queremos darles a conocer que Exacta contin\u00faa operando a toda capacidad, ofreciendo servicios mientras seguimos los lineamientos de seguridad y protecci\u00f3n establecidos por nuestros gobiernos.<\/p>\n<p>Nuestro plan de respuesta a la pandemia nos ha permitido mantener los servicios y el apoyo para satisfacer las necesidades operacionales de nuestros clientes. Por favor, no dude en contactarnos a trav\u00e9s de info@exacta.ca o del n\u00famero de tel\u00e9fono 416-222-4622 si necesita cualquier informaci\u00f3n adicional.<\/p>\n<p>Hemos actualizado nuestros protocolos (por ejemplo, uso de m\u00e1scaras, cuestionarios de COVID y herramientas de auto pesquisaje en cada asignaci\u00f3n) para asegurar que se est\u00e1n dando los servicios a la vez que se mantiene la seguridad para todos los participantes y las comunidades que servimos.<br \/>\nNuestra oficina permanece abierta de lunes a viernes de 7:00 AM a 6:00 PM (hora est\u00e1ndar del este) con personal presente en el local (mientras se mantiene la distancia adecuada) y en sus residencias; todos contribuyendo seg\u00fan sus funciones.<\/p>\n<p>Para emergencias despu\u00e9s de horas, llame al 1-866-639-2282.<\/p>\n<p>Le agradecemos anticipadamente su apoyo y comprensi\u00f3n a medida que implementamos las medidas preventivas para asegurar la salud y protecci\u00f3n de todos durante estos tiempos dif\u00edciles.<\/p>\n<p>Cu\u00eddense todos![\/vc_column_text][\/vc_column][\/vc_row]<\/p>\n<\/section>","protected":false},"excerpt":{"rendered":"<p>[vc_row][vc_column][\/vc_column][\/vc_row][vc_row][vc_column][vc_column_text]A medida que la pandemia de COVID se propaga por toda &#8230; <\/p>\n","protected":false},"author":1,"featured_media":0,"parent":0,"menu_order":0,"comment_status":"closed","ping_status":"closed","template":"","meta":[],"_links":{"self":[{"href":"https:\/\/exacta.ca\/es\/wp-json\/wp\/v2\/pages\/2214"}],"collection":[{"href":"https:\/\/exacta.ca\/es\/wp-json\/wp\/v2\/pages"}],"about":[{"href":"https:\/\/exacta.ca\/es\/wp-json\/wp\/v2\/types\/page"}],"author":[{"embeddable":true,"href":"https:\/\/exacta.ca\/es\/wp-json\/wp\/v2\/users\/1"}],"replies":[{"embeddable":true,"href":"https:\/\/exacta.ca\/es\/wp-json\/wp\/v2\/comments?post=2214"}],"version-history":[{"count":3,"href":"https:\/\/exacta.ca\/es\/wp-json\/wp\/v2\/pages\/2214\/revisions"}],"predecessor-version":[{"id":2219,"href":"https:\/\/exacta.ca\/es\/wp-json\/wp\/v2\/pages\/2214\/revisions\/2219"}],"wp:attachment":[{"href":"https:\/\/exacta.ca\/es\/wp-json\/wp\/v2\/media?parent=2214"}],"curies":[{"name":"wp","href":"https:\/\/api.w.org\/{rel}","templated":true}]}}