{"id":2010,"date":"2020-06-25T01:50:30","date_gmt":"2020-06-25T01:50:30","guid":{"rendered":"https:\/\/exacta.ca\/?page_id=2010"},"modified":"2020-07-02T19:00:07","modified_gmt":"2020-07-02T19:00:07","slug":"politica-de-privacidad","status":"publish","type":"page","link":"https:\/\/exacta.ca\/es\/politica-de-privacidad\/","title":{"rendered":"Pol\u00edtica de privacidad"},"content":{"rendered":"<section class=\"wpb-content-wrapper\"><p>[vc_row][vc_column][vc_column_text]<\/p>\r\n<h3 class=\"wp-block-heading\">Pol\u00edtica de privacidad<\/h3>\r\n<p>Exacta est\u00e1 comprometida con la protecci\u00f3n y mantenimiento de la privacidad de la informaci\u00f3n personal. Con el objeto de cumplir con la legislaci\u00f3n sobre privacidad, hemos desarrollado esta pol\u00edtica de privacidad. Cualquier informaci\u00f3n que identifique a una persona, registrada o no, en cualquier formato, ya sea digital o en papel, se considera informaci\u00f3n personal.<\/p>\r\n<h3>Finalidad determinada<\/h3>\r\n<p>Exacta recopila informaci\u00f3n personal en nombre de nuestros clientes con la finalidad de coordinar diagn\u00f3sticos m\u00e9dicos, interrogatorios, reuniones con representantes de compa\u00f1\u00edas aseguradoras, y cualquier otro asunto m\u00e9dico o legal que implique a terceras partes, en cualquier idioma.<\/p>\r\n<h3>C\u00f3mo utiliza Exacta la informaci\u00f3n que usted proporciona<\/h3>\r\n<p>Exacta no recopila informaci\u00f3n personal que identifique a un individuo excepto cuando usted espec\u00edfica y conscientemente nos la proporciona a nosotros o a nuestros clientes con fines de interpretaci\u00f3n o traducci\u00f3n. Esta informaci\u00f3n no ser\u00e1 vendida ni alquilada a terceros.<\/p>\r\n<p>La informaci\u00f3n personal se conservar\u00e1 solamente mientras sea necesaria para el cumplimiento de la finalidad determinada. Cuando recibimos informaci\u00f3n personal de un tercero, aplicamos el mismo nivel de protecci\u00f3n de privacidad que se establece seg\u00fan la Ley de Protecci\u00f3n de la Informaci\u00f3n Personal y Documentos Electr\u00f3nicos (PIPEDA), y la Ley de Protecci\u00f3n de la Informaci\u00f3n Personal de Salud de Ontario (PHIPA).<\/p>\r\n<h3>Responsabilidad, transparencia y accesibilidad del cliente<\/h3>\r\n<p>Exacta se hace responsable de toda la informaci\u00f3n personal bajo su control y emplea un responsable de privacidad designado que se encarga de que se cumpla esta pol\u00edtica.<\/p>\r\n<h3>Exactitud<\/h3>\r\n<p>Exacta mantendr\u00e1 la exactitud, totalidad y actualizaci\u00f3n de toda la informaci\u00f3n personal que sea necesaria para la finalidad determinada.<\/p>\r\n<h3>Garant\u00edas<\/h3>\r\n<p>Exacta proteger\u00e1 la informaci\u00f3n personal mediante garant\u00edas de seguridad apropiadas seg\u00fan la sensibilidad de la informaci\u00f3n. Las garant\u00edas variar\u00e1n dependiendo de la sensibilidad y el formato de la informaci\u00f3n. Toda correspondencia electr\u00f3nica se transmite utilizando un sistema de cifrado seguro. Para todos los datos electr\u00f3nicos se hacen copias de seguridad para protecci\u00f3n contra p\u00e9rdida o robo de datos.<\/p>\r\n<h3>Impugnaci\u00f3n por no cumplimiento<\/h3>\r\n<p>Si usted tiene dudas sobre nuestra pol\u00edtica de privacidad o sobre c\u00f3mo tratamos su informaci\u00f3n personal, por favor cont\u00e1ctenos en: <a href=\"mailto:info@exacta.ca.%20\">info@exacta.ca. <\/a>. Si usted no queda satisfecho con nuestra respuesta a un asunto relacionado con la privacidad, o en caso de alguna queja, usted puede contactar con la oficina del Comisionado de Privacidad de Canad\u00e1 en el 1-800-282-1376 o <a href=\"http:\/\/www.privcom.gc.ca\/\">www.privcom.gc.ca<\/a>.<\/p>\r\n<p>[\/vc_column_text][\/vc_column][\/vc_row][vc_row][vc_column][vc_column_text][\/vc_column_text][\/vc_column][\/vc_row]<\/p><\/section>","protected":false},"excerpt":{"rendered":"<p>[vc_row][vc_column][vc_column_text] Pol\u00edtica de privacidad Exacta est\u00e1 comprometida con la protecci\u00f3n y &#8230; <\/p>\n","protected":false},"author":1,"featured_media":0,"parent":0,"menu_order":0,"comment_status":"closed","ping_status":"open","template":"","meta":[],"_links":{"self":[{"href":"https:\/\/exacta.ca\/es\/wp-json\/wp\/v2\/pages\/2010"}],"collection":[{"href":"https:\/\/exacta.ca\/es\/wp-json\/wp\/v2\/pages"}],"about":[{"href":"https:\/\/exacta.ca\/es\/wp-json\/wp\/v2\/types\/page"}],"author":[{"embeddable":true,"href":"https:\/\/exacta.ca\/es\/wp-json\/wp\/v2\/users\/1"}],"replies":[{"embeddable":true,"href":"https:\/\/exacta.ca\/es\/wp-json\/wp\/v2\/comments?post=2010"}],"version-history":[{"count":4,"href":"https:\/\/exacta.ca\/es\/wp-json\/wp\/v2\/pages\/2010\/revisions"}],"predecessor-version":[{"id":2015,"href":"https:\/\/exacta.ca\/es\/wp-json\/wp\/v2\/pages\/2010\/revisions\/2015"}],"wp:attachment":[{"href":"https:\/\/exacta.ca\/es\/wp-json\/wp\/v2\/media?parent=2010"}],"curies":[{"name":"wp","href":"https:\/\/api.w.org\/{rel}","templated":true}]}}